{"id":409,"date":"2017-01-13T06:10:35","date_gmt":"2017-01-13T06:10:35","guid":{"rendered":"https:\/\/ninetheme.com\/themes\/blue\/?page_id=2"},"modified":"2022-05-31T18:39:04","modified_gmt":"2022-05-31T16:39:04","slug":"home-6","status":"publish","type":"page","link":"https:\/\/myrfplayer.com\/","title":{"rendered":"Home"},"content":{"rendered":"<p>[vc_row][vc_column]<section id=\"home\" class=\"welcome_area welcome_default vc_custom_1616345613568\"><div class=\"table\"><div class=\"table_cell\"><div class=\"container\"><div class=\"row\"><div class=\"col-sm-7 col-md-6\"><div class=\"welcome_text_area\"><h2>RF PLAYER<br \/>\nLa cl\u00e9 USB RADIO MULTI PROTOCOLE<\/h2><p>Le RF Player est compatible avec de nombreux protocoles radio 433 Mhz et 868 Mhz et permet une multitude d'applications.<\/p>\n<p>T\u00e9l\u00e9commande radio universelle , Passerelle, R\u00e9p\u00e9teur, fonction d'apprentissage, d\u00e9tecteur de brouillage radio.<\/p><a class=\"btn btn-default btn-lg\" href=\"#revendeurs\">  <i class=\"icofont icofont-cart\"><\/i> Acheter<\/a><\/div><\/div><div class=\"col-sm-4 col-md-5 col-sm-offset-1\"><div class=\"welcome_area_thumb\"><img src=\"https:\/\/myrfplayer.com\/wp-content\/uploads\/2021\/03\/RF-Player-2-scaled.jpg\" alt=\"RF-Player-2-scaled.jpg\"><\/div><\/div><\/div><\/div><\/div><\/div><\/section>[\/vc_column][\/vc_row][vc_row][vc_column]<section id=\"about\" class=\"about_area section_padding_100_70\"><div class=\"container\"><div class=\"row\"><div class=\"col-xs-12\"><div class=\"section_heading wow fadeInUp\"><h2>En savoir plus sur le <strong>RF PLAYER<\/strong><\/h2><p>Le RF PLAYER est n\u00e9 en 2017 et est fabriqu\u00e9 en France.<br \/>\nCette cl\u00e9 USB est un \u00e9metteur r\u00e9cepteur radio puissant qui augmente le nombre de protocoles avec lesquels communique une installation domotique. Le RF Player ne se contente pas d\u2019\u00eatre une simple passerelle, il dispose aussi de fonctions int\u00e9gr\u00e9es et peut m\u00eame \u00eatre utilis\u00e9 de mani\u00e8re totalement autonome.<\/p><\/div><\/div><\/div><div class=\"row\"><div class=\"col-xs-12 col-md-6\"><div class=\"about_product_thumb text-center wow fadeInUp\" data-wow-delay=\"0.2s\"><img src=\"https:\/\/myrfplayer.com\/wp-content\/uploads\/2021\/03\/RF-Player-2_Box-scaled.jpg\" alt=\"RF-Player-2_Box-scaled.jpg\"><\/div><\/div><div class=\"col-xs-12 col-md-6\"><div class=\"about_product_discription\"><div class=\"row\"><div class=\"col-sm-6\"><div class=\"single_about_part item wow fadeInUp\" data-wow-delay=\"0.2s\"><i class=\"icofont icofont-chart-flow-alt-1\"><\/i><h3>Installation simple<\/h3><p>Le RF PLAYER se connecte sur le port USB de votre box domotique et est fonctionnel en quelques clics.<\/p><\/div><\/div><div class=\"col-sm-6\"><div class=\"single_about_part item wow fadeInUp\" data-wow-delay=\"0.4s\"><i class=\"icofont icofont-ui-game\"><\/i><h3>Flexible<\/h3><p>Le RF PLAYER est compatible avec de nombreux protocoles radio 433MHZ et 868MHZ.<\/p><\/div><\/div><div class=\"col-sm-6\"><div class=\"single_about_part item wow fadeInUp\" data-wow-delay=\"0.6s\"><i class=\"icofont icofont-runner-alt-1\"><\/i><h3>Rapide<\/h3><p>Le RF PLAYER peut contr\u00f4ler plusieurs p\u00e9riph\u00e9riques simultan\u00e9ment.<\/p><\/div><\/div><div class=\"col-sm-6\"><div class=\"single_about_part item wow fadeInUp\" data-wow-delay=\"0.8s\"><i class=\"icofont icofont-light-bulb\"><\/i><h3>Intelligent<\/h3><p>Le RF PLAYER reconnait et retransmet automatiquement les signaux radios de vos p\u00e9riph\u00e9riques afin d'\u00e9tendre leurs port\u00e9es.<\/p><\/div><\/div><\/div><\/div><\/div><\/div><\/div><\/section>[\/vc_column][\/vc_row][vc_row][vc_column]<div id=\"features\" class=\"more_features_area section_padding_100_70\"><div class=\"container\"><div class=\"row\"><div class=\"col-xs-12\"><div class=\"section_heading wow fadeInUp\"><h2>DECOUVREZ LES <strong>FONCTIONS<\/strong> DU RF PLAYER<\/h2><p>Le RF PLAYER dispose d'un grand nombre de fonctionnalit\u00e9s utiles pour vous simplifier la vie.<\/p><\/div><\/div><\/div><div class=\"row\"><div class=\"col-sm-3\"><div class=\"single_benifits item active wow fadeInUp\" data-wow-delay=\"0.2s\"><div class=\"icon_box\"><i class=\"icofont icofont-butterfly\"><\/i><\/div><h4>T\u00e9l\u00e9commande Radio universelle<\/h4><p>Le RF PLAYER remplace vos t\u00e9l\u00e9commandes radio compatible 433 et 868 MHZ. Il est le compagnon id\u00e9al de votre solution domotique.<\/p><\/div><\/div><div class=\"col-sm-3\"><div class=\"single_benifits item  wow fadeInUp\" data-wow-delay=\"0.4s\"><div class=\"icon_box\"><i class=\"icofont icofont-wheel\"><\/i><\/div><h4>Apprentissage<\/h4><p>Le RF PLAYER dispose de la fonction apprentissage (Fonction PARROT) pour d\u00e9tecter les signaux de votre t\u00e9l\u00e9commande et les r\u00e9p\u00e9ter \u00e0 la demande.<\/p><\/div><\/div><div class=\"col-sm-3\"><div class=\"single_benifits item  wow fadeInUp\" data-wow-delay=\"0.6s\"><div class=\"icon_box\"><i class=\"icofont icofont-wifi-router\"><\/i><\/div><h4>D\u00e9tecteur de brouillage radio<\/h4><p>Pr\u00e9serve les syst\u00e8mes d'alarmes en d\u00e9tectant la pr\u00e9sence des brouilleurs radio utilis\u00e9s par les cambrioleurs ou les personnes mal intentionn\u00e9es.<\/p><\/div><\/div><div class=\"col-sm-3\"><div class=\"single_benifits item  wow fadeInUp\" data-wow-delay=\"0.8s\"><div class=\"icon_box\"><i class=\"icofont icofont-sound-wave\"><\/i><\/div><h4>Transcodeur radio<\/h4><p>La fonction TRANSCODEUR permet au RF PLAYER de convertir en temps r\u00e9el les signaux radio re\u00e7us d'un protocole et de les renvoyer dans un autre protocole.<\/p><\/div><\/div><\/div><\/div><\/div>[\/vc_column][\/vc_row][vc_row][vc_column]<section id=\"key-features\" class=\"key_features_area section_padding_100 vc_custom_1616342709423\"><div class=\"container\"><div class=\"row\"><div class=\"col-xs-12\"><div class=\"section_heading wow fadeInUp\"><h2>PRINCIPAUX PROTOCOLES <strong>COMPATIBLES<\/strong> AVEC LE RF PLAYER<\/h2><\/div><\/div><\/div><div class=\"row\"><div class=\"col-sm-6 col-md-8 item\"><div class=\"key_features_text\"><div class=\"key_features_list_wrapper\"><h4 class=\"key_features_list wow fadeInUp\" data-wow-delay=\"0.1s\">CHACON - DIO<\/h4><h4 class=\"key_features_list wow fadeInUp\" data-wow-delay=\"0.2s\">DELTADORE X2D<\/h4><h4 class=\"key_features_list wow fadeInUp\" data-wow-delay=\"0.3s\">SOMFY RTS<\/h4><h4 class=\"key_features_list wow fadeInUp\" data-wow-delay=\"0.4s\">BLYSS<\/h4><h4 class=\"key_features_list wow fadeInUp\" data-wow-delay=\"0.5s\">X10 et compatible (X'dom, ebode ... )<\/h4><h4 class=\"key_features_list wow fadeInUp\" data-wow-delay=\"0.6s\">Sondes Or\u00e9gon V1 - V2.1 - V3.0<\/h4><h4 class=\"key_features_list wow fadeInUp\" data-wow-delay=\"0.7s\">Sondes OWL<\/h4><\/div><\/div><\/div><div class=\"col-sm-6 col-md-4 item\"><div class=\"key_features_img\"><img src=\"https:\/\/myrfplayer.com\/wp-content\/uploads\/2021\/03\/RF-Player-2_front-Copie-scaled.jpg\" alt=\"RF-Player-2_front-Copie-scaled.jpg\"><\/div><\/div><\/div><\/div><\/section>[\/vc_column][\/vc_row][vc_row][vc_column][\/vc_column][\/vc_row][vc_row][vc_column][\/vc_column][\/vc_row][vc_row][vc_column][\/vc_column][\/vc_row][vc_section el_class=\u00a0\u00bbfaq_area section_padding_100&Prime;][vc_row el_class=\u00a0\u00bbsection_heading\u00a0\u00bb][vc_column][vc_empty_space el_id=\u00a0\u00bbrevendeurs\u00a0\u00bb][vc_custom_heading text=\u00a0\u00bbNOS <strong>REVENDEURS<\/strong>\u00a0\u00bb font_container=\u00a0\u00bbtag:h2|font_size:30|text_align:center|line_height:1.1&Prime; use_theme_fonts=\u00a0\u00bbyes\u00a0\u00bb css_animation=\u00a0\u00bbfadeInDown\u00a0\u00bb el_id=\u00a0\u00bbnosrevendeurs\u00a0\u00bb css=\u00a0\u00bb.vc_custom_1612637511297{padding-top: 100px !important;}\u00a0\u00bb][vc_column_text css_animation=\u00a0\u00bbfadeInUp\u00a0\u00bb css=\u00a0\u00bb.vc_custom_1612636357539{margin-bottom: 0px !important;}\u00a0\u00bb]<\/p>\n<p style=\"text-align: center;\">Le RF PLAYER est disponible dans de nombreuses boutiques sp\u00e9cialis\u00e9es<\/p>\n<p>&nbsp;<\/p>\n<p style=\"text-align: center;\"><strong>Revendeurs FRANCE<\/strong><\/p>\n<p>[\/vc_column_text][vc_row_inner][vc_column_inner width=\u00a0\u00bb1\/4&Prime;][vc_column_text]<a href=\"https:\/\/www.gce-electronics.com\/fr\/produits-radio\/1777-rf-player-3770008041004.html\"><img loading=\"lazy\" class=\"alignnone size-medium wp-image-562\" src=\"https:\/\/myrfplayer.com\/wp-content\/uploads\/2021\/02\/gce-electronics-logo-300x112.jpg\" alt=\"\" width=\"300\" height=\"112\" srcset=\"https:\/\/myrfplayer.com\/wp-content\/uploads\/2021\/02\/gce-electronics-logo-300x112.jpg 300w, https:\/\/myrfplayer.com\/wp-content\/uploads\/2021\/02\/gce-electronics-logo.jpg 387w\" sizes=\"(max-width: 300px) 100vw, 300px\" \/><\/a>[\/vc_column_text][\/vc_column_inner][vc_column_inner width=\u00a0\u00bb1\/4&Prime;][vc_column_text]<a href=\"https:\/\/www.planete-domotique.com\/\"><img loading=\"lazy\" class=\"alignnone size-medium wp-image-560\" src=\"https:\/\/myrfplayer.com\/wp-content\/uploads\/2021\/02\/Planetedomotique-300x112.jpg\" alt=\"\" width=\"300\" height=\"112\" srcset=\"https:\/\/myrfplayer.com\/wp-content\/uploads\/2021\/02\/Planetedomotique-300x112.jpg 300w, https:\/\/myrfplayer.com\/wp-content\/uploads\/2021\/02\/Planetedomotique.jpg 387w\" sizes=\"(max-width: 300px) 100vw, 300px\" \/><\/a>[\/vc_column_text][\/vc_column_inner][vc_column_inner width=\u00a0\u00bb1\/4&Prime;][vc_column_text]<a href=\"https:\/\/domadoo.fr\"><img loading=\"lazy\" class=\"alignnone size-medium wp-image-567\" src=\"https:\/\/myrfplayer.com\/wp-content\/uploads\/2021\/02\/Domadoo-logo-300x112.jpg\" alt=\"\" width=\"300\" height=\"112\" srcset=\"https:\/\/myrfplayer.com\/wp-content\/uploads\/2021\/02\/Domadoo-logo-300x112.jpg 300w, https:\/\/myrfplayer.com\/wp-content\/uploads\/2021\/02\/Domadoo-logo.jpg 387w\" sizes=\"(max-width: 300px) 100vw, 300px\" \/><\/a>[\/vc_column_text][\/vc_column_inner][vc_column_inner width=\u00a0\u00bb1\/4&Prime;][vc_column_text]<a href=\"https:\/\/www.domotique-store.fr\/domotique\/modules-domotiques\/adaptateurs-controleurs-domotiques\/741-gce-electronics-rfplayer-usb-interface-emetteur-recepteur-rf433-et-rf868-compatible-somfy-rts-chacon-dio-10-x2d-etc.html\"><img loading=\"lazy\" class=\"alignnone size-medium wp-image-569\" src=\"https:\/\/myrfplayer.com\/wp-content\/uploads\/2021\/02\/Domotic-store-logo-300x112.jpg\" alt=\"\" width=\"300\" height=\"112\" srcset=\"https:\/\/myrfplayer.com\/wp-content\/uploads\/2021\/02\/Domotic-store-logo-300x112.jpg 300w, https:\/\/myrfplayer.com\/wp-content\/uploads\/2021\/02\/Domotic-store-logo.jpg 387w\" sizes=\"(max-width: 300px) 100vw, 300px\" \/><\/a>[\/vc_column_text][\/vc_column_inner][\/vc_row_inner][vc_column_text]<\/p>\n<p style=\"text-align: center;\"><strong>Revendeur Suisse<\/strong><\/p>\n<p><a href=\"https:\/\/shop.domo-supply.com\/fr\/controleurs-domotiques\/1574-gce-electronics-interface-radio-bi-directionnelle-433-868mhz-usb-rf-player.html\"><img loading=\"lazy\" class=\"size-medium wp-image-760 aligncenter\" src=\"https:\/\/myrfplayer.com\/wp-content\/uploads\/2021\/05\/domo-supply-logo-300x87.png\" alt=\"\" width=\"300\" height=\"87\" srcset=\"https:\/\/myrfplayer.com\/wp-content\/uploads\/2021\/05\/domo-supply-logo-300x87.png 300w, https:\/\/myrfplayer.com\/wp-content\/uploads\/2021\/05\/domo-supply-logo.png 311w\" sizes=\"(max-width: 300px) 100vw, 300px\" \/><\/a>[\/vc_column_text][\/vc_column][\/vc_row][\/vc_section][vc_row css=\u00a0\u00bb.vc_custom_1485928915866{margin-bottom: 0px !important;}\u00a0\u00bb][vc_column][vc_custom_heading text=\u00a0\u00bbTELECHARGEMENT DES <strong>DOCUMENTATIONS<\/strong> ET LOGICIELS\u00a0\u00bb font_container=\u00a0\u00bbtag:h2|text_align:center\u00a0\u00bb use_theme_fonts=\u00a0\u00bbyes\u00a0\u00bb css_animation=\u00a0\u00bbfadeIn\u00a0\u00bb el_id=\u00a0\u00bbtelechargement\u00a0\u00bb css=\u00a0\u00bb.vc_custom_1612981837807{padding-top: 50px !important;}\u00a0\u00bb][vc_column_text]<\/p>\n<p style=\"text-align: center;\">Attention vous devez installer JAVA sur votre ordinateur pour utiliser nos logiciels.<\/p>\n<p>&nbsp;<\/p>\n<p style=\"text-align: center;\"><a href=\"https:\/\/www.java.com\/fr\/download\/\">T\u00e9l\u00e9charger ORACLE JAVA<\/a><\/p>\n<p style=\"text-align: center;\"><a href=\"https:\/\/myrfplayer.com\/index.php\/download\/rf-player-guide-dutilisation\/?wpdmdl=671&amp;refresh=60255af04147d1613060848\">T\u00e9l\u00e9charger le mode d&#8217;emploi du RF Player<\/a><\/p>\n<p style=\"text-align: center;\"><a href=\"https:\/\/myrfplayer.com\/index.php\/download\/rf-player-configurator\/?wpdmdl=673&amp;refresh=6024273a45eac1612982074\">T\u00e9l\u00e9chargez l&rsquo;utilitaire de configuration du RF Player<\/a><\/p>\n<p style=\"text-align: center;\"><a href=\"https:\/\/myrfplayer.com\/wp-content\/uploads\/2022\/05\/RFPLAYER_V1.39.zip\">RF Player Firmware V1.39<\/a><\/p>\n<p>[\/vc_column_text][\/vc_column][\/vc_row][vc_row][vc_column][\/vc_column][\/vc_row][vc_row][vc_column]<section id=\"subscribe\" class=\"newsletter_area section_padding_100 vc_custom_1612982328833\"><div class=\"container\"><div class=\"row\"><div class=\"col-xs-12\"><div class=\"section_heading wow fadeInUp\"><h2>Inscrivez vous \u00e0 notre <strong>newsletter<\/strong><br \/>\net restez inform\u00e9 des derni\u00e8res nouveaut\u00e9s<\/h2><\/div><\/div><\/div><div class=\"row\"><div class=\"col-xs-12 col-md-6 col-md-offset-3\"><div class=\"mailchimp_area wow fadeInUp\"><div id=\"mc_embed_signup\"><script>(function() {\n\twindow.mc4wp = window.mc4wp || {\n\t\tlisteners: [],\n\t\tforms: {\n\t\t\ton: function(evt, cb) {\n\t\t\t\twindow.mc4wp.listeners.push(\n\t\t\t\t\t{\n\t\t\t\t\t\tevent   : evt,\n\t\t\t\t\t\tcallback: cb\n\t\t\t\t\t}\n\t\t\t\t);\n\t\t\t}\n\t\t}\n\t}\n})();\n<\/script><!-- Mailchimp for WordPress v4.8.3 - https:\/\/wordpress.org\/plugins\/mailchimp-for-wp\/ --><form id=\"mc4wp-form-1\" class=\"mc4wp-form mc4wp-form-61\" method=\"post\" data-id=\"61\" data-name=\"mailchimp-form\" ><div class=\"mc4wp-form-fields\"><div id=\"mc_embed_signup_scroll\">\r\n<input type=\"email\" value=\"\" name=\"EMAIL\" class=\"email\" id=\"mce-EMAIL\" placeholder=\"Entrez votre adresse email\" required>\r\n<!-- real people should not fill this in and expect good things - do not remove this or risk form bot signups-->\r\n<div style=\"position: absolute; left: -5000px;\" aria-hidden=\"true\">\r\n<input type=\"text\" name=\"b_f0c5b9ba9531961ccc866101b_42a1f17754\" tabindex=\"-1\" value=\"\">\r\n<\/div>\r\n<div class=\"clear\">\r\n<input type=\"submit\" value=\"Inscription\" name=\"Inscription\" id=\"mc-embedded-subscribe\" class=\"button\">\r\n<\/div>\r\n<\/div>\r\n\r\n<\/div><label style=\"display: none !important;\">Laissez ce champ vide si vous \u00eates humain\u00a0: <input type=\"text\" name=\"_mc4wp_honeypot\" value=\"\" tabindex=\"-1\" autocomplete=\"off\" \/><\/label><input type=\"hidden\" name=\"_mc4wp_timestamp\" value=\"1776429051\" \/><input type=\"hidden\" name=\"_mc4wp_form_id\" value=\"61\" \/><input type=\"hidden\" name=\"_mc4wp_form_element_id\" value=\"mc4wp-form-1\" \/><div class=\"mc4wp-response\"><\/div><\/form><!-- \/ Mailchimp for WordPress Plugin --><\/div><\/div><\/div><\/div><\/div><\/section>[\/vc_column][\/vc_row][vc_row][vc_column]<section id=\"contact\" class=\"message_now_area section_padding_100_70\"><div class=\"container\"><div class=\"row\"><div class=\"col-xs-12 col-lg-10 col-lg-offset-1\"><div class=\"message_title\"><div class=\"section_heading wow fadeInUp\"><h2>Besoin d'informations suppl\u00e9mentaires ?<br \/>\n<strong>Contactez nous<\/strong><\/h2><p>Vous pouvez nous contacter en envoyant votre demande \u00e0 contact@myrfplayer.com<br \/>\nou directement en remplissant le formulaire ci dessous.<br \/>\nNous r\u00e9pondons rapidement \u00e0 toutes les demandes.<\/p><\/div><\/div><div class=\"contact_from\"><div role=\"form\" class=\"wpcf7\" id=\"wpcf7-f7-o1\" lang=\"fr-FR\" dir=\"ltr\">\n<div class=\"screen-reader-response\"><p role=\"status\" aria-live=\"polite\" aria-atomic=\"true\"><\/p> <ul><\/ul><\/div>\n<form action=\"\/index.php\/wp-json\/wp\/v2\/pages\/409#wpcf7-f7-o1\" method=\"post\" class=\"wpcf7-form init\" novalidate=\"novalidate\" data-status=\"init\">\n<div style=\"display: none;\">\n<input type=\"hidden\" name=\"_wpcf7\" value=\"7\" \/>\n<input type=\"hidden\" name=\"_wpcf7_version\" value=\"5.3.2\" \/>\n<input type=\"hidden\" name=\"_wpcf7_locale\" value=\"fr_FR\" \/>\n<input type=\"hidden\" name=\"_wpcf7_unit_tag\" value=\"wpcf7-f7-o1\" \/>\n<input type=\"hidden\" name=\"_wpcf7_container_post\" value=\"0\" \/>\n<input type=\"hidden\" name=\"_wpcf7_posted_data_hash\" value=\"\" \/>\n<\/div>\n<p><label> Nom<br \/>\n    <span class=\"wpcf7-form-control-wrap your-name\"><input type=\"text\" name=\"your-name\" value=\"\" size=\"40\" class=\"wpcf7-form-control wpcf7-text wpcf7-validates-as-required\" aria-required=\"true\" aria-invalid=\"false\" \/><\/span> <\/label><\/p>\n<p><label> Email<br \/>\n    <span class=\"wpcf7-form-control-wrap your-email\"><input type=\"email\" name=\"your-email\" value=\"\" size=\"40\" class=\"wpcf7-form-control wpcf7-text wpcf7-email wpcf7-validates-as-required wpcf7-validates-as-email\" aria-required=\"true\" aria-invalid=\"false\" \/><\/span> <\/label><\/p>\n<p><label> Sujet<br \/>\n    <span class=\"wpcf7-form-control-wrap your-subject\"><input type=\"text\" name=\"your-subject\" value=\"\" size=\"40\" class=\"wpcf7-form-control wpcf7-text wpcf7-validates-as-required\" aria-required=\"true\" aria-invalid=\"false\" \/><\/span> <\/label><\/p>\n<p><label><br \/>\n    <span class=\"wpcf7-form-control-wrap your-message\"><textarea name=\"your-message\" cols=\"40\" rows=\"10\" class=\"wpcf7-form-control wpcf7-textarea\" aria-invalid=\"false\"><\/textarea><\/span> <\/label><\/p>\n<p><input type=\"submit\" value=\"ENVOYER\" class=\"wpcf7-form-control wpcf7-submit btn btn-default\" \/><\/p>\n<div class=\"wpcf7-response-output\" aria-hidden=\"true\"><\/div><\/form><\/div><\/div><\/div><\/div><\/div><\/section>[\/vc_column][\/vc_row][vc_row][vc_column][\/vc_column][\/vc_row][vc_row][vc_column][vc_row_inner][vc_column_inner][\/vc_column_inner][vc_column_inner][\/vc_column_inner][\/vc_row_inner][\/vc_column][vc_column][\/vc_column][\/vc_row]<\/p>\n","protected":false},"excerpt":{"rendered":"<p>[vc_row][vc_column][\/vc_column][\/vc_row][vc_row][vc_column][\/vc_column][\/vc_row][vc_row][vc_column][\/vc_column][\/vc_row][vc_row][vc_column][\/vc_column][\/vc_row][vc_row][vc_column][\/vc_column][\/vc_row][vc_row][vc_column][\/vc_column][\/vc_row][vc_row][vc_column][\/vc_column][\/vc_row][vc_section el_class=\u00a0\u00bbfaq_area section_padding_100&Prime;][vc_row el_class=\u00a0\u00bbsection_heading\u00a0\u00bb][vc_column][vc_empty_space el_id=\u00a0\u00bbrevendeurs\u00a0\u00bb][vc_custom_heading text=\u00a0\u00bbNOS REVENDEURS\u00a0\u00bb font_container=\u00a0\u00bbtag:h2|font_size:30|text_align:center|line_height:1.1&Prime; use_theme_fonts=\u00a0\u00bbyes\u00a0\u00bb css_animation=\u00a0\u00bbfadeInDown\u00a0\u00bb el_id=\u00a0\u00bbnosrevendeurs\u00a0\u00bb css=\u00a0\u00bb.vc_custom_1612637511297{padding-top: 100px !important;}\u00a0\u00bb][vc_column_text css_animation=\u00a0\u00bbfadeInUp\u00a0\u00bb css=\u00a0\u00bb.vc_custom_1612636357539{margin-bottom: 0px !important;}\u00a0\u00bb] Le RF PLAYER est disponible dans de nombreuses boutiques sp\u00e9cialis\u00e9es &nbsp; Revendeurs FRANCE [\/vc_column_text][vc_row_inner][vc_column_inner width=\u00a0\u00bb1\/4&Prime;][vc_column_text][\/vc_column_text][\/vc_column_inner][vc_column_inner width=\u00a0\u00bb1\/4&Prime;][vc_column_text][\/vc_column_text][\/vc_column_inner][vc_column_inner width=\u00a0\u00bb1\/4&Prime;][vc_column_text][\/vc_column_text][\/vc_column_inner][vc_column_inner width=\u00a0\u00bb1\/4&Prime;][vc_column_text][\/vc_column_text][\/vc_column_inner][\/vc_row_inner][vc_column_text] Revendeur Suisse [\/vc_column_text][\/vc_column][\/vc_row][\/vc_section][vc_row css=\u00a0\u00bb.vc_custom_1485928915866{margin-bottom: 0px !important;}\u00a0\u00bb][vc_column][vc_custom_heading text=\u00a0\u00bbTELECHARGEMENT DES DOCUMENTATIONS ET LOGICIELS\u00a0\u00bb font_container=\u00a0\u00bbtag:h2|text_align:center\u00a0\u00bb use_theme_fonts=\u00a0\u00bbyes\u00a0\u00bb css_animation=\u00a0\u00bbfadeIn\u00a0\u00bb el_id=\u00a0\u00bbtelechargement\u00a0\u00bb css=\u00a0\u00bb.vc_custom_1612981837807{padding-top: 50px !important;}\u00a0\u00bb][vc_column_text] Attention vous devez installer JAVA sur votre ordinateur pour utiliser nos logiciels. &nbsp; T\u00e9l\u00e9charger ORACLE JAVA T\u00e9l\u00e9charger le mode d&#8217;emploi du RF Player T\u00e9l\u00e9chargez l&rsquo;utilitaire de<\/p>\n<p><a class=\"margin_30 btn\" href=\"https:\/\/myrfplayer.com\/\" >Read More<\/a><\/p>\n","protected":false},"author":1,"featured_media":0,"parent":0,"menu_order":0,"comment_status":"open","ping_status":"open","template":"one-page-template.php","meta":[],"_links":{"self":[{"href":"https:\/\/myrfplayer.com\/index.php\/wp-json\/wp\/v2\/pages\/409"}],"collection":[{"href":"https:\/\/myrfplayer.com\/index.php\/wp-json\/wp\/v2\/pages"}],"about":[{"href":"https:\/\/myrfplayer.com\/index.php\/wp-json\/wp\/v2\/types\/page"}],"author":[{"embeddable":true,"href":"https:\/\/myrfplayer.com\/index.php\/wp-json\/wp\/v2\/users\/1"}],"replies":[{"embeddable":true,"href":"https:\/\/myrfplayer.com\/index.php\/wp-json\/wp\/v2\/comments?post=409"}],"version-history":[{"count":190,"href":"https:\/\/myrfplayer.com\/index.php\/wp-json\/wp\/v2\/pages\/409\/revisions"}],"predecessor-version":[{"id":766,"href":"https:\/\/myrfplayer.com\/index.php\/wp-json\/wp\/v2\/pages\/409\/revisions\/766"}],"wp:attachment":[{"href":"https:\/\/myrfplayer.com\/index.php\/wp-json\/wp\/v2\/media?parent=409"}],"curies":[{"name":"wp","href":"https:\/\/api.w.org\/{rel}","templated":true}]}}